{"id":231,"date":"2024-12-01T13:21:25","date_gmt":"2024-12-01T06:21:25","guid":{"rendered":"https:\/\/prox3.npc-international.net\/cms\/?page_id=231"},"modified":"2024-12-01T13:21:25","modified_gmt":"2024-12-01T06:21:25","slug":"contact","status":"publish","type":"page","link":"https:\/\/prox3.npc-international.net\/cms\/contact\/","title":{"rendered":"Contact"},"content":{"rendered":"\n<div class=\"wp-block-group alignfull has-global-padding is-layout-constrained wp-block-group-is-layout-constrained\" style=\"margin-top:0;margin-bottom:0;padding-top:var(--wp--preset--spacing--50);padding-bottom:var(--wp--preset--spacing--50)\">\n<div class=\"wp-block-group alignwide has-global-padding is-layout-constrained wp-block-group-is-layout-constrained\">\n<h2 class=\"wp-block-heading alignfull has-text-align-left has-xx-large-font-size\">Contact ProX3<\/h2>\n\n\n\n<div class=\"wp-block-group alignwide is-layout-grid wp-container-core-group-is-layout-6 wp-block-group-is-layout-grid\" style=\"border-top-color:var(--wp--preset--color--accent-4);border-top-width:1px;margin-top:var(--wp--preset--spacing--50);padding-top:var(--wp--preset--spacing--60);padding-bottom:var(--wp--preset--spacing--60)\">\n<div class=\"wp-block-group wp-container-content-1 is-vertical is-layout-flex wp-container-core-group-is-layout-1 wp-block-group-is-layout-flex\">\n<h3 class=\"wp-block-heading has-medium-font-size\" style=\"font-style:normal;font-weight:700\">Contact<\/h3>\n\n\n<nav class=\"has-medium-font-size  is-vertical wp-block-navigation is-layout-flex wp-container-core-navigation-is-layout-1 wp-block-navigation-is-layout-flex\" aria-label=\"Navigation 2\"><ul class=\"wp-block-navigation__container has-medium-font-size  is-vertical wp-block-navigation has-medium-font-size\"><li class=\"has-medium-font-size wp-block-navigation-item wp-block-navigation-link\"><a class=\"wp-block-navigation-item__content\"  href=\"#\"><span class=\"wp-block-navigation-item__label\">Instagram<\/span><\/a><\/li><li class=\"has-medium-font-size wp-block-navigation-item wp-block-navigation-link\"><a class=\"wp-block-navigation-item__content\"  href=\"#\"><span class=\"wp-block-navigation-item__label\">Line<\/span><\/a><\/li><\/ul><\/nav>\n\n\n<h3 class=\"wp-block-heading has-medium-font-size\" style=\"font-style:normal;font-weight:700\">Phone<\/h3>\n\n\n\n<p class=\"has-medium-font-size\">08 18166493<\/p>\n\n\n<a class=\"wp-block-read-more\" href=\"https:\/\/prox3.npc-international.net\/cms\/contact\/\" target=\"_self\">tel:66 08 18166493<span class=\"screen-reader-text\">: Contact<\/span><\/a>\n\n\n<h3 class=\"wp-block-heading has-medium-font-size\" style=\"font-style:normal;font-weight:700\">Email<\/h3>\n\n\n\n<p class=\"has-medium-font-size\"><a href=\"mailto:ssu@npc-international.net\">ssu@npc-international.net<\/a><\/p>\n<\/div>\n\n\n\n<div class=\"wp-block-group wp-container-content-4 is-layout-grid wp-container-core-group-is-layout-5 wp-block-group-is-layout-grid\">\n<div class=\"wp-block-group wp-container-content-2 has-global-padding is-layout-constrained wp-block-group-is-layout-constrained\">\n<h3 class=\"wp-block-heading has-medium-font-size\" style=\"font-style:normal;font-weight:700\">Bangkok<\/h3>\n\n\n\n<div class=\"wp-block-group has-medium-font-size is-vertical is-layout-flex wp-container-core-group-is-layout-2 wp-block-group-is-layout-flex\">\n<p class=\"has-medium-font-size\">Net Protection Concepts International Co., Ltd.<\/p>\n\n\n\n<p>11th Fl., Gypsum Metropolitan Tower<\/p>\n\n\n\n<p>539\/2 Sri Ayudhaya Rd., Phayathai, Rajdhavee, Bangkok 10400<\/p>\n\n\n\n<p class=\"has-medium-font-size\">Thailand<\/p>\n<\/div>\n<\/div>\n\n\n\n<div class=\"wp-block-group wp-container-content-3 has-global-padding is-layout-constrained wp-block-group-is-layout-constrained\">\n<h3 class=\"wp-block-heading has-medium-font-size\" style=\"font-style:normal;font-weight:700\">Copenhagen<\/h3>\n\n\n\n<p class=\"has-medium-font-size\">M\u00f8rkh\u00f8j Parkalle 8E, DK 2860 S\u00f8borg<br>Denmark<\/p>\n<\/div>\n<\/div>\n<\/div>\n<\/div>\n<\/div>\n","protected":false},"excerpt":{"rendered":"","protected":false},"author":1,"featured_media":0,"parent":0,"menu_order":0,"comment_status":"closed","ping_status":"closed","template":"page-no-title","meta":{"_kadence_starter_templates_imported_post":false,"footnotes":""},"class_list":["post-231","page","type-page","status-publish","hentry"],"_links":{"self":[{"href":"https:\/\/prox3.npc-international.net\/cms\/wp-json\/wp\/v2\/pages\/231","targetHints":{"allow":["GET"]}}],"collection":[{"href":"https:\/\/prox3.npc-international.net\/cms\/wp-json\/wp\/v2\/pages"}],"about":[{"href":"https:\/\/prox3.npc-international.net\/cms\/wp-json\/wp\/v2\/types\/page"}],"author":[{"embeddable":true,"href":"https:\/\/prox3.npc-international.net\/cms\/wp-json\/wp\/v2\/users\/1"}],"replies":[{"embeddable":true,"href":"https:\/\/prox3.npc-international.net\/cms\/wp-json\/wp\/v2\/comments?post=231"}],"version-history":[{"count":1,"href":"https:\/\/prox3.npc-international.net\/cms\/wp-json\/wp\/v2\/pages\/231\/revisions"}],"predecessor-version":[{"id":232,"href":"https:\/\/prox3.npc-international.net\/cms\/wp-json\/wp\/v2\/pages\/231\/revisions\/232"}],"wp:attachment":[{"href":"https:\/\/prox3.npc-international.net\/cms\/wp-json\/wp\/v2\/media?parent=231"}],"curies":[{"name":"wp","href":"https:\/\/api.w.org\/{rel}","templated":true}]}}