{"id":148,"date":"2024-11-30T18:12:01","date_gmt":"2024-11-30T11:12:01","guid":{"rendered":"https:\/\/prox3.npc-international.net\/cms\/?page_id=148"},"modified":"2024-12-01T16:54:00","modified_gmt":"2024-12-01T09:54:00","slug":"home","status":"publish","type":"page","link":"https:\/\/prox3.npc-international.net\/cms\/","title":{"rendered":"Home"},"content":{"rendered":"\n<div class=\"wp-block-cover alignfull has-accent-1-color has-text-color has-link-color wp-elements-0faa63c46bd7a3bec6e7dd3505d00947\" style=\"margin-top:0;margin-bottom:0;padding-top:200px;padding-right:var(--wp--preset--spacing--50);padding-bottom:200px;padding-left:var(--wp--preset--spacing--50);min-height:100vh;aspect-ratio:unset;\"><span aria-hidden=\"true\" class=\"wp-block-cover__background has-background-dim-10 has-background-dim\" style=\"background-color:#706f6e\"><\/span><img loading=\"lazy\" decoding=\"async\" width=\"2364\" height=\"1773\" class=\"wp-block-cover__image-background wp-image-115 lazyload\" alt=\"Treon Node placed on machine at Dan Thai Machinery\" data-src=\"https:\/\/prox3.npc-international.net\/cms\/wp-content\/uploads\/2024\/11\/treon-node-dan-thai-machinery-30-nov-2022.jpg\" style=\"--smush-placeholder-width: 2364px; --smush-placeholder-aspect-ratio: 2364\/1773;object-position:49% 31%\" data-object-fit=\"cover\" data-object-position=\"49% 31%\" data-srcset=\"https:\/\/prox3.npc-international.net\/cms\/wp-content\/uploads\/2024\/11\/treon-node-dan-thai-machinery-30-nov-2022.jpg 2364w, https:\/\/prox3.npc-international.net\/cms\/wp-content\/uploads\/2024\/11\/treon-node-dan-thai-machinery-30-nov-2022-300x225.jpg 300w, https:\/\/prox3.npc-international.net\/cms\/wp-content\/uploads\/2024\/11\/treon-node-dan-thai-machinery-30-nov-2022-1024x768.jpg 1024w, https:\/\/prox3.npc-international.net\/cms\/wp-content\/uploads\/2024\/11\/treon-node-dan-thai-machinery-30-nov-2022-768x576.jpg 768w, https:\/\/prox3.npc-international.net\/cms\/wp-content\/uploads\/2024\/11\/treon-node-dan-thai-machinery-30-nov-2022-1536x1152.jpg 1536w, https:\/\/prox3.npc-international.net\/cms\/wp-content\/uploads\/2024\/11\/treon-node-dan-thai-machinery-30-nov-2022-2048x1536.jpg 2048w\" data-sizes=\"auto, (max-width: 2364px) 100vw, 2364px\" src=\"data:image\/gif;base64,R0lGODlhAQABAAAAACH5BAEKAAEALAAAAAABAAEAAAICTAEAOw==\" \/><noscript><img loading=\"lazy\" decoding=\"async\" width=\"2364\" height=\"1773\" class=\"wp-block-cover__image-background wp-image-115\" alt=\"Treon Node placed on machine at Dan Thai Machinery\" src=\"https:\/\/prox3.npc-international.net\/cms\/wp-content\/uploads\/2024\/11\/treon-node-dan-thai-machinery-30-nov-2022.jpg\" style=\"object-position:49% 31%\" data-object-fit=\"cover\" data-object-position=\"49% 31%\" srcset=\"https:\/\/prox3.npc-international.net\/cms\/wp-content\/uploads\/2024\/11\/treon-node-dan-thai-machinery-30-nov-2022.jpg 2364w, https:\/\/prox3.npc-international.net\/cms\/wp-content\/uploads\/2024\/11\/treon-node-dan-thai-machinery-30-nov-2022-300x225.jpg 300w, https:\/\/prox3.npc-international.net\/cms\/wp-content\/uploads\/2024\/11\/treon-node-dan-thai-machinery-30-nov-2022-1024x768.jpg 1024w, https:\/\/prox3.npc-international.net\/cms\/wp-content\/uploads\/2024\/11\/treon-node-dan-thai-machinery-30-nov-2022-768x576.jpg 768w, https:\/\/prox3.npc-international.net\/cms\/wp-content\/uploads\/2024\/11\/treon-node-dan-thai-machinery-30-nov-2022-1536x1152.jpg 1536w, https:\/\/prox3.npc-international.net\/cms\/wp-content\/uploads\/2024\/11\/treon-node-dan-thai-machinery-30-nov-2022-2048x1536.jpg 2048w\" sizes=\"auto, (max-width: 2364px) 100vw, 2364px\" \/><\/noscript><div class=\"wp-block-cover__inner-container has-global-padding is-layout-constrained wp-container-core-cover-is-layout-1 wp-block-cover-is-layout-constrained\">\n<div class=\"wp-block-group is-style-default has-accent-5-background-color has-background has-xx-large-font-size has-global-padding is-layout-constrained wp-block-group-is-layout-constrained\" style=\"border-style:none;border-width:0px;border-radius:7px\">\n<h3 class=\"wp-block-heading has-text-align-center is-style-text-display has-accent-4-color has-text-color has-link-color has-xx-large-font-size wp-elements-447a0c7770fbeb87901fa57859b7756d is-style-text-display--1\">ProX3 offers monitoring of machinery health. <\/h3>\n<\/div>\n\n\n\n<div class=\"wp-block-group has-accent-4-color has-accent-5-background-color has-text-color has-background has-link-color wp-elements-18bbf61b2602ade1beda7b64cc43015b has-global-padding is-layout-constrained wp-block-group-is-layout-constrained\" style=\"border-style:none;border-width:0px;border-radius:8px\">\n<p class=\"has-text-align-center\">Even for equipment out of sight.<\/p>\n<\/div>\n<\/div><\/div>\n\n\n\n<div class=\"wp-block-group alignfull is-style-section-1 has-global-padding is-layout-constrained wp-block-group-is-layout-constrained is-style-section-1--2\" style=\"margin-top:0;margin-bottom:0;padding-top:var(--wp--preset--spacing--80);padding-bottom:var(--wp--preset--spacing--80)\">\n<div class=\"wp-block-columns alignwide is-layout-flex wp-container-core-columns-is-layout-1 wp-block-columns-is-layout-flex\">\n<div class=\"wp-block-column is-layout-flow wp-block-column-is-layout-flow\" style=\"padding-right:var(--wp--preset--spacing--50);flex-basis:45%\">\n<figure class=\"wp-block-image size-full\"><img loading=\"lazy\" decoding=\"async\" width=\"716\" height=\"486\" data-src=\"https:\/\/prox3.npc-international.net\/cms\/wp-content\/uploads\/2024\/11\/green-pump.jpg\" alt=\"\" class=\"wp-image-30 lazyload\" data-srcset=\"https:\/\/prox3.npc-international.net\/cms\/wp-content\/uploads\/2024\/11\/green-pump.jpg 716w, https:\/\/prox3.npc-international.net\/cms\/wp-content\/uploads\/2024\/11\/green-pump-300x204.jpg 300w\" data-sizes=\"auto, (max-width: 716px) 100vw, 716px\" src=\"data:image\/gif;base64,R0lGODlhAQABAAAAACH5BAEKAAEALAAAAAABAAEAAAICTAEAOw==\" style=\"--smush-placeholder-width: 716px; --smush-placeholder-aspect-ratio: 716\/486;\" \/><noscript><img loading=\"lazy\" decoding=\"async\" width=\"716\" height=\"486\" src=\"https:\/\/prox3.npc-international.net\/cms\/wp-content\/uploads\/2024\/11\/green-pump.jpg\" alt=\"\" class=\"wp-image-30\" srcset=\"https:\/\/prox3.npc-international.net\/cms\/wp-content\/uploads\/2024\/11\/green-pump.jpg 716w, https:\/\/prox3.npc-international.net\/cms\/wp-content\/uploads\/2024\/11\/green-pump-300x204.jpg 300w\" sizes=\"auto, (max-width: 716px) 100vw, 716px\" \/><\/noscript><figcaption class=\"wp-element-caption\">Screenshot<\/figcaption><\/figure>\n\n\n\n<div class=\"wp-block-group has-global-padding is-layout-constrained wp-block-group-is-layout-constrained\" style=\"margin-top:-12vw\">\n<figure class=\"wp-block-image alignright size-full is-resized\" style=\"margin-right:-5vw;margin-left:-5vw\"><img loading=\"lazy\" decoding=\"async\" width=\"328\" height=\"800\" data-src=\"https:\/\/prox3.npc-international.net\/cms\/wp-content\/uploads\/2024\/11\/treon-vibration-measurement-node.png\" alt=\"Treon vibration measurement node\" class=\"wp-image-144 lazyload\" style=\"--smush-placeholder-width: 328px; --smush-placeholder-aspect-ratio: 328\/800;width:202px\" data-srcset=\"https:\/\/prox3.npc-international.net\/cms\/wp-content\/uploads\/2024\/11\/treon-vibration-measurement-node.png 328w, https:\/\/prox3.npc-international.net\/cms\/wp-content\/uploads\/2024\/11\/treon-vibration-measurement-node-123x300.png 123w\" data-sizes=\"auto, (max-width: 328px) 100vw, 328px\" src=\"data:image\/gif;base64,R0lGODlhAQABAAAAACH5BAEKAAEALAAAAAABAAEAAAICTAEAOw==\" \/><noscript><img loading=\"lazy\" decoding=\"async\" width=\"328\" height=\"800\" src=\"https:\/\/prox3.npc-international.net\/cms\/wp-content\/uploads\/2024\/11\/treon-vibration-measurement-node.png\" alt=\"Treon vibration measurement node\" class=\"wp-image-144\" style=\"width:202px\" srcset=\"https:\/\/prox3.npc-international.net\/cms\/wp-content\/uploads\/2024\/11\/treon-vibration-measurement-node.png 328w, https:\/\/prox3.npc-international.net\/cms\/wp-content\/uploads\/2024\/11\/treon-vibration-measurement-node-123x300.png 123w\" sizes=\"auto, (max-width: 328px) 100vw, 328px\" \/><\/noscript><\/figure>\n<\/div>\n<\/div>\n\n\n\n<div class=\"wp-block-column is-vertically-aligned-center is-layout-flow wp-block-column-is-layout-flow\" style=\"padding-right:0;padding-left:0;flex-basis:50%\">\n<div class=\"wp-block-group has-global-padding is-layout-constrained wp-block-group-is-layout-constrained\">\n<div class=\"wp-block-group is-vertical is-layout-flex wp-container-core-group-is-layout-4 wp-block-group-is-layout-flex\">\n<h2 class=\"wp-block-heading is-style-text-annotation is-style-text-annotation--3\">About Us<\/h2>\n\n\n\n<p class=\"is-style-text-subtitle is-style-text-subtitle--4\"><strong>ProX3<\/strong> is a solution to monitor equipment. We deliver monitoring hardware we and you install on your equipment. We deliver a monitor service based on a subscription. Based in the Cloud, our mission is not only to deliver stunning analysis but also foster an enthusiasm in your organisation that cares for equipment.<\/p>\n<\/div>\n<\/div>\n<\/div>\n<\/div>\n<\/div>\n\n\n\n<div class=\"wp-block-group alignfull has-global-padding is-layout-constrained wp-container-core-group-is-layout-7 wp-block-group-is-layout-constrained\" style=\"margin-top:0;margin-bottom:0;padding-top:var(--wp--preset--spacing--50);padding-bottom:var(--wp--preset--spacing--50)\">\n<h2 class=\"wp-block-heading alignwide\">Our services<\/h2>\n\n\n\n<div class=\"wp-block-columns alignwide is-layout-flex wp-container-core-columns-is-layout-2 wp-block-columns-is-layout-flex\">\n<div class=\"wp-block-column is-layout-flow wp-block-column-is-layout-flow\">\n<figure class=\"wp-block-image size-full\" style=\"margin-bottom:24px\"><img loading=\"lazy\" decoding=\"async\" width=\"260\" height=\"262\" data-src=\"https:\/\/prox3.npc-international.net\/cms\/wp-content\/uploads\/2024\/11\/analysis-diagram.png\" alt=\"\" class=\"wp-image-38 lazyload\" style=\"--smush-placeholder-width: 260px; --smush-placeholder-aspect-ratio: 260\/262;aspect-ratio:4\/3;object-fit:cover\" data-srcset=\"https:\/\/prox3.npc-international.net\/cms\/wp-content\/uploads\/2024\/11\/analysis-diagram.png 260w, https:\/\/prox3.npc-international.net\/cms\/wp-content\/uploads\/2024\/11\/analysis-diagram-150x150.png 150w\" data-sizes=\"auto, (max-width: 260px) 100vw, 260px\" src=\"data:image\/gif;base64,R0lGODlhAQABAAAAACH5BAEKAAEALAAAAAABAAEAAAICTAEAOw==\" \/><noscript><img loading=\"lazy\" decoding=\"async\" width=\"260\" height=\"262\" src=\"https:\/\/prox3.npc-international.net\/cms\/wp-content\/uploads\/2024\/11\/analysis-diagram.png\" alt=\"\" class=\"wp-image-38\" style=\"aspect-ratio:4\/3;object-fit:cover\" srcset=\"https:\/\/prox3.npc-international.net\/cms\/wp-content\/uploads\/2024\/11\/analysis-diagram.png 260w, https:\/\/prox3.npc-international.net\/cms\/wp-content\/uploads\/2024\/11\/analysis-diagram-150x150.png 150w\" sizes=\"auto, (max-width: 260px) 100vw, 260px\" \/><\/noscript><\/figure>\n\n\n\n<h3 class=\"wp-block-heading\">Alerts<\/h3>\n\n\n\n<p class=\"has-medium-font-size\">ProX3 alerts when equipment behave extremely.<\/p>\n<\/div>\n\n\n\n<div class=\"wp-block-column is-layout-flow wp-block-column-is-layout-flow\">\n<figure class=\"wp-block-image size-full\" style=\"margin-bottom:24px\"><img loading=\"lazy\" decoding=\"async\" width=\"828\" height=\"500\" data-src=\"https:\/\/prox3.npc-international.net\/cms\/wp-content\/uploads\/2024\/12\/last-year-comparision-graphs.png\" alt=\"\" class=\"wp-image-252 lazyload\" style=\"--smush-placeholder-width: 828px; --smush-placeholder-aspect-ratio: 828\/500;aspect-ratio:4\/3;object-fit:cover\" data-srcset=\"https:\/\/prox3.npc-international.net\/cms\/wp-content\/uploads\/2024\/12\/last-year-comparision-graphs.png 828w, https:\/\/prox3.npc-international.net\/cms\/wp-content\/uploads\/2024\/12\/last-year-comparision-graphs-300x181.png 300w, https:\/\/prox3.npc-international.net\/cms\/wp-content\/uploads\/2024\/12\/last-year-comparision-graphs-768x464.png 768w\" data-sizes=\"auto, (max-width: 828px) 100vw, 828px\" src=\"data:image\/gif;base64,R0lGODlhAQABAAAAACH5BAEKAAEALAAAAAABAAEAAAICTAEAOw==\" \/><noscript><img loading=\"lazy\" decoding=\"async\" width=\"828\" height=\"500\" src=\"https:\/\/prox3.npc-international.net\/cms\/wp-content\/uploads\/2024\/12\/last-year-comparision-graphs.png\" alt=\"\" class=\"wp-image-252\" style=\"aspect-ratio:4\/3;object-fit:cover\" srcset=\"https:\/\/prox3.npc-international.net\/cms\/wp-content\/uploads\/2024\/12\/last-year-comparision-graphs.png 828w, https:\/\/prox3.npc-international.net\/cms\/wp-content\/uploads\/2024\/12\/last-year-comparision-graphs-300x181.png 300w, https:\/\/prox3.npc-international.net\/cms\/wp-content\/uploads\/2024\/12\/last-year-comparision-graphs-768x464.png 768w\" sizes=\"auto, (max-width: 828px) 100vw, 828px\" \/><\/noscript><\/figure>\n\n\n\n<h3 class=\"wp-block-heading\">Periodically reporting<\/h3>\n\n\n\n<p class=\"has-medium-font-size\">Report equipment changes over months. ProX3 will not forget.<\/p>\n<\/div>\n\n\n\n<div class=\"wp-block-column is-layout-flow wp-block-column-is-layout-flow\">\n<figure class=\"wp-block-image size-full\" style=\"margin-bottom:24px\"><img loading=\"lazy\" decoding=\"async\" width=\"830\" height=\"508\" data-src=\"https:\/\/prox3.npc-international.net\/cms\/wp-content\/uploads\/2024\/12\/tsunami-wave-beach-lighthouse.png\" alt=\"\" class=\"wp-image-251 lazyload\" style=\"--smush-placeholder-width: 830px; --smush-placeholder-aspect-ratio: 830\/508;aspect-ratio:4\/3;object-fit:cover\" data-srcset=\"https:\/\/prox3.npc-international.net\/cms\/wp-content\/uploads\/2024\/12\/tsunami-wave-beach-lighthouse.png 830w, https:\/\/prox3.npc-international.net\/cms\/wp-content\/uploads\/2024\/12\/tsunami-wave-beach-lighthouse-300x184.png 300w, https:\/\/prox3.npc-international.net\/cms\/wp-content\/uploads\/2024\/12\/tsunami-wave-beach-lighthouse-768x470.png 768w\" data-sizes=\"auto, (max-width: 830px) 100vw, 830px\" src=\"data:image\/gif;base64,R0lGODlhAQABAAAAACH5BAEKAAEALAAAAAABAAEAAAICTAEAOw==\" \/><noscript><img loading=\"lazy\" decoding=\"async\" width=\"830\" height=\"508\" src=\"https:\/\/prox3.npc-international.net\/cms\/wp-content\/uploads\/2024\/12\/tsunami-wave-beach-lighthouse.png\" alt=\"\" class=\"wp-image-251\" style=\"aspect-ratio:4\/3;object-fit:cover\" srcset=\"https:\/\/prox3.npc-international.net\/cms\/wp-content\/uploads\/2024\/12\/tsunami-wave-beach-lighthouse.png 830w, https:\/\/prox3.npc-international.net\/cms\/wp-content\/uploads\/2024\/12\/tsunami-wave-beach-lighthouse-300x184.png 300w, https:\/\/prox3.npc-international.net\/cms\/wp-content\/uploads\/2024\/12\/tsunami-wave-beach-lighthouse-768x470.png 768w\" sizes=\"auto, (max-width: 830px) 100vw, 830px\" \/><\/noscript><\/figure>\n\n\n\n<h3 class=\"wp-block-heading\">Flood equipment  <\/h3>\n\n\n\n<p class=\"has-medium-font-size\">Pumps standing still. Ensure they works when flood comes.<\/p>\n<\/div>\n\n\n\n<div class=\"wp-block-column is-layout-flow wp-block-column-is-layout-flow\">\n<figure class=\"wp-block-image size-full\" style=\"margin-bottom:24px\"><img loading=\"lazy\" decoding=\"async\" width=\"1026\" height=\"568\" data-src=\"https:\/\/prox3.npc-international.net\/cms\/wp-content\/uploads\/2024\/12\/team-enthusiasm-among-four-sailors.png\" alt=\"\" class=\"wp-image-255 lazyload\" style=\"--smush-placeholder-width: 1026px; --smush-placeholder-aspect-ratio: 1026\/568;aspect-ratio:4\/3;object-fit:cover\" data-srcset=\"https:\/\/prox3.npc-international.net\/cms\/wp-content\/uploads\/2024\/12\/team-enthusiasm-among-four-sailors.png 1026w, https:\/\/prox3.npc-international.net\/cms\/wp-content\/uploads\/2024\/12\/team-enthusiasm-among-four-sailors-300x166.png 300w, https:\/\/prox3.npc-international.net\/cms\/wp-content\/uploads\/2024\/12\/team-enthusiasm-among-four-sailors-1024x567.png 1024w, https:\/\/prox3.npc-international.net\/cms\/wp-content\/uploads\/2024\/12\/team-enthusiasm-among-four-sailors-768x425.png 768w\" data-sizes=\"auto, (max-width: 1026px) 100vw, 1026px\" src=\"data:image\/gif;base64,R0lGODlhAQABAAAAACH5BAEKAAEALAAAAAABAAEAAAICTAEAOw==\" \/><noscript><img loading=\"lazy\" decoding=\"async\" width=\"1026\" height=\"568\" src=\"https:\/\/prox3.npc-international.net\/cms\/wp-content\/uploads\/2024\/12\/team-enthusiasm-among-four-sailors.png\" alt=\"\" class=\"wp-image-255\" style=\"aspect-ratio:4\/3;object-fit:cover\" srcset=\"https:\/\/prox3.npc-international.net\/cms\/wp-content\/uploads\/2024\/12\/team-enthusiasm-among-four-sailors.png 1026w, https:\/\/prox3.npc-international.net\/cms\/wp-content\/uploads\/2024\/12\/team-enthusiasm-among-four-sailors-300x166.png 300w, https:\/\/prox3.npc-international.net\/cms\/wp-content\/uploads\/2024\/12\/team-enthusiasm-among-four-sailors-1024x567.png 1024w, https:\/\/prox3.npc-international.net\/cms\/wp-content\/uploads\/2024\/12\/team-enthusiasm-among-four-sailors-768x425.png 768w\" sizes=\"auto, (max-width: 1026px) 100vw, 1026px\" \/><\/noscript><\/figure>\n\n\n\n<h3 class=\"wp-block-heading\">Team enthusiasm<\/h3>\n\n\n\n<p class=\"has-medium-font-size\">Operational team members get alerts as well. Build up enthusiasm by team creating ideas of good maintenance.<\/p>\n<\/div>\n<\/div>\n<\/div>\n\n\n\n<div class=\"wp-block-group alignfull has-global-padding is-layout-constrained wp-block-group-is-layout-constrained\" style=\"margin-top:0;margin-bottom:0;padding-top:var(--wp--preset--spacing--50);padding-bottom:var(--wp--preset--spacing--50)\">\n<div class=\"wp-block-group alignwide has-global-padding is-layout-constrained wp-block-group-is-layout-constrained\">\n<h2 class=\"wp-block-heading alignfull has-text-align-left has-xx-large-font-size\">Contact ProX3<\/h2>\n\n\n\n<div class=\"wp-block-group alignwide is-layout-grid wp-container-core-group-is-layout-13 wp-block-group-is-layout-grid\" style=\"border-top-color:var(--wp--preset--color--accent-4);border-top-width:1px;margin-top:var(--wp--preset--spacing--50);padding-top:var(--wp--preset--spacing--60);padding-bottom:var(--wp--preset--spacing--60)\">\n<div class=\"wp-block-group wp-container-content-1 is-vertical is-layout-flex wp-container-core-group-is-layout-8 wp-block-group-is-layout-flex\">\n<h3 class=\"wp-block-heading has-medium-font-size\" style=\"font-style:normal;font-weight:700\">Contact<\/h3>\n\n\n<nav class=\"has-medium-font-size  is-vertical wp-block-navigation is-layout-flex wp-container-core-navigation-is-layout-1 wp-block-navigation-is-layout-flex\" aria-label=\"Navigation 2\"><ul class=\"wp-block-navigation__container has-medium-font-size  is-vertical wp-block-navigation has-medium-font-size\"><li class=\"has-medium-font-size wp-block-navigation-item wp-block-navigation-link\"><a class=\"wp-block-navigation-item__content\"  href=\"#\"><span class=\"wp-block-navigation-item__label\">Instagram<\/span><\/a><\/li><li class=\"has-medium-font-size wp-block-navigation-item wp-block-navigation-link\"><a class=\"wp-block-navigation-item__content\"  href=\"#\"><span class=\"wp-block-navigation-item__label\">Line<\/span><\/a><\/li><\/ul><\/nav>\n\n\n<h3 class=\"wp-block-heading has-medium-font-size\" style=\"font-style:normal;font-weight:700\">Phone<\/h3>\n\n\n\n<p class=\"has-medium-font-size\">08 18166493<\/p>\n\n\n<a class=\"wp-block-read-more\" href=\"https:\/\/prox3.npc-international.net\/cms\/\" target=\"_self\">tel:66 08 18166493<span class=\"screen-reader-text\">: Home<\/span><\/a>\n\n\n<h3 class=\"wp-block-heading has-medium-font-size\" style=\"font-style:normal;font-weight:700\">Email<\/h3>\n\n\n\n<p class=\"has-medium-font-size\"><a href=\"mailto:ssu@npc-international.net\">ssu@npc-international.net<\/a><\/p>\n<\/div>\n\n\n\n<div class=\"wp-block-group wp-container-content-4 is-layout-grid wp-container-core-group-is-layout-12 wp-block-group-is-layout-grid\">\n<div class=\"wp-block-group wp-container-content-2 has-global-padding is-layout-constrained wp-block-group-is-layout-constrained\">\n<h3 class=\"wp-block-heading has-medium-font-size\" style=\"font-style:normal;font-weight:700\">Bangkok<\/h3>\n\n\n\n<div class=\"wp-block-group has-medium-font-size is-vertical is-layout-flex wp-container-core-group-is-layout-9 wp-block-group-is-layout-flex\">\n<p class=\"has-medium-font-size\">Net Protection Concepts International Co., Ltd.<\/p>\n\n\n\n<p>11th Fl., Gypsum Metropolitan Tower<\/p>\n\n\n\n<p>539\/2 Sri Ayudhaya Rd., Phayathai, Rajdhavee, Bangkok 10400<\/p>\n\n\n\n<p class=\"has-medium-font-size\">Thailand<\/p>\n<\/div>\n<\/div>\n\n\n\n<div class=\"wp-block-group wp-container-content-3 has-global-padding is-layout-constrained wp-block-group-is-layout-constrained\">\n<h3 class=\"wp-block-heading has-medium-font-size\" style=\"font-style:normal;font-weight:700\">Copenhagen<\/h3>\n\n\n\n<p class=\"has-medium-font-size\">M\u00f8rkh\u00f8j Parkalle 8E, DK 2860 S\u00f8borg<br>Denmark<\/p>\n<\/div>\n<\/div>\n<\/div>\n<\/div>\n<\/div>\n","protected":false},"excerpt":{"rendered":"","protected":false},"author":1,"featured_media":0,"parent":0,"menu_order":1,"comment_status":"closed","ping_status":"closed","template":"page-no-title","meta":{"_kadence_starter_templates_imported_post":false,"footnotes":""},"class_list":["post-148","page","type-page","status-publish","hentry"],"_links":{"self":[{"href":"https:\/\/prox3.npc-international.net\/cms\/wp-json\/wp\/v2\/pages\/148","targetHints":{"allow":["GET"]}}],"collection":[{"href":"https:\/\/prox3.npc-international.net\/cms\/wp-json\/wp\/v2\/pages"}],"about":[{"href":"https:\/\/prox3.npc-international.net\/cms\/wp-json\/wp\/v2\/types\/page"}],"author":[{"embeddable":true,"href":"https:\/\/prox3.npc-international.net\/cms\/wp-json\/wp\/v2\/users\/1"}],"replies":[{"embeddable":true,"href":"https:\/\/prox3.npc-international.net\/cms\/wp-json\/wp\/v2\/comments?post=148"}],"version-history":[{"count":16,"href":"https:\/\/prox3.npc-international.net\/cms\/wp-json\/wp\/v2\/pages\/148\/revisions"}],"predecessor-version":[{"id":269,"href":"https:\/\/prox3.npc-international.net\/cms\/wp-json\/wp\/v2\/pages\/148\/revisions\/269"}],"wp:attachment":[{"href":"https:\/\/prox3.npc-international.net\/cms\/wp-json\/wp\/v2\/media?parent=148"}],"curies":[{"name":"wp","href":"https:\/\/api.w.org\/{rel}","templated":true}]}}